{"id":4117,"date":"2021-11-30T17:08:30","date_gmt":"2021-11-30T16:08:30","guid":{"rendered":"https:\/\/www.cobue.it\/shop\/?post_type=product&#038;p=4117"},"modified":"2026-02-20T12:31:46","modified_gmt":"2026-02-20T11:31:46","slug":"getulio-biancoigt-benaco-bresciano-2018-magnum","status":"publish","type":"product","link":"https:\/\/www.cobue.it\/shop\/prodotto\/getulio-biancoigt-benaco-bresciano-2018-magnum\/","title":{"rendered":"Getulio Bianco<span> IGT Benaco Bresciano <\/span> Magnum"},"content":{"rendered":"<div class=\"col-md-6\">\n<div class=\"textwidget\">\n<p><strong>Vitigni utilizzati<\/strong>: Tuch\u00ec , Trebbiano<\/p>\n<p><strong>Annata di vendemmia<\/strong>: 2017<\/p>\n<p><strong>Provenienti dai vigneti<\/strong>: Provenienti da vigneti solo di propriet\u00e0 di et\u00e0 tra 25 e 5 anni<\/p>\n<p><strong>Composizione del terreno<\/strong>:\u00a0Calcareo &#8211; Argilloso<\/p>\n<p><strong>Sistema di allevamento:<\/strong>:\u00a0Guyot<\/p>\n<p><strong>Impianto<\/strong>:\u00a03500\/4500 vigne\/ha<\/p>\n<p><strong>Resa per ettaro:<\/strong>:\u00a070 quintali massimo<\/p>\n<p><strong>Tipo di vinificazione:<\/strong>: in acciaio<\/p>\n<p><strong>Grado Alcolico<\/strong>: 13,5%<\/p>\n<p><strong>Malolattica<\/strong>: no<\/p>\n<p><strong>pH<\/strong>:\u00a03.74<\/p>\n<p><strong>Estratto secco<\/strong>:\u00a031.8 g\/l<\/p>\n<p><strong>Residuo zuccherino<\/strong>:\u00a02,6 g\/l<\/p>\n<p><strong>Solforosa Totale:<\/strong> 44mg\/l<\/p>\n<\/div>\n<\/div>\n<div style=\"clear: both;\">\n<div style=\"clear: both;\">&#8211; Contiene solfiti<\/div>\n<div>&#8211; Prodotto in Italia<\/div>\n<\/div>\n","protected":false},"excerpt":{"rendered":"<p>Grande bianco, pieno ed elegante. Ottenuto da attenta ed accurata selezione, con basse rese, dei nostri migliori grappoli a bacca bianca che donano a questo vino armoniosa tipicit\u00e0 e pienezza di gusto.<\/p>\n<p>Si abbina con qualsiasi piatto di pesce e con ogni tipologia di antipasto o primo piatto.<\/p>\n<p>Splendido colore brillante, di un giallo intenso. Gusto vivace ma delicato, di fiori bianchi e frutta matura con inconfondibile freschezza, giusta acidit\u00e0 e rotondit\u00e0 di sapore per la gioia del palato, anche per una semplice degustazione.<\/p>\n<p>Va bevuto freddo a 8\u00b0 \u2013 10\u00b0 C.<\/p>\n<div class=\"col-md-6\">\n<div class=\"textwidget\">\n<p><strong>Vitigni utilizzati<\/strong>: Tuch\u00ec , Trebbiano<\/p>\n<p><strong>Annata di vendemmia<\/strong>: 2017<\/p>\n<p><strong>Provenienti dai vigneti<\/strong>: Provenienti da vigneti solo di propriet\u00e0 di et\u00e0 tra 25 e 5 anni<\/p>\n<p><strong>Composizione del terreno<\/strong>:\u00a0Calcareo &#8211; Argilloso<\/p>\n<p><strong>Sistema di allevamento:<\/strong>:\u00a0Guyot<\/p>\n<p><strong>Impianto<\/strong>:\u00a03500\/4500 vigne\/ha<\/p>\n<p><strong>Resa per ettaro:<\/strong>:\u00a070 quintali massimo<\/p>\n<p><strong>Tipo di vinificazione:<\/strong>: in acciaio<\/p>\n<p><strong>Grado Alcolico<\/strong>: 13,5%<\/p>\n<p><strong>Malolattica<\/strong>: no<\/p>\n<p><strong>pH<\/strong>:\u00a03.74<\/p>\n<p><strong>Estratto secco<\/strong>:\u00a031.8 g\/l<\/p>\n<p><strong>Residuo zuccherino<\/strong>:\u00a02,6 g\/l<\/p>\n<p><strong>Solforosa Totale:<\/strong> 44mg\/l<\/p>\n<\/div>\n<\/div>\n<div style=\"clear: both;\">\n<div style=\"clear: both;\">&#8211; Contiene solfiti<\/div>\n<div>&#8211; Prodotto in Italia<\/div>\n<\/div>\n","protected":false},"featured_media":4356,"template":"","meta":[],"product_cat":[143],"product_tag":[],"yoast_head":"<!-- This site is optimized with the Yoast SEO plugin v21.9.1 - https:\/\/yoast.com\/wordpress\/plugins\/seo\/ -->\n<title>Getulio Bianco IGT Benaco Bresciano  Magnum - Shop Cobue<\/title>\n<meta name=\"robots\" content=\"index, follow, max-snippet:-1, max-image-preview:large, max-video-preview:-1\" \/>\n<link rel=\"canonical\" href=\"https:\/\/www.cobue.it\/shop\/prodotto\/getulio-biancoigt-benaco-bresciano-2018-magnum\/\" \/>\n<meta property=\"og:locale\" content=\"it_IT\" \/>\n<meta property=\"og:type\" content=\"article\" \/>\n<meta property=\"og:title\" content=\"Getulio Bianco IGT Benaco Bresciano  Magnum - Shop Cobue\" \/>\n<meta property=\"og:description\" content=\"Grande bianco, pieno ed elegante. Ottenuto da attenta ed accurata selezione, con basse rese, dei nostri migliori grappoli a bacca bianca che donano a questo vino armoniosa tipicit\u00e0 e pienezza di gusto.  Si abbina con qualsiasi piatto di pesce e con ogni tipologia di antipasto o primo piatto.  Splendido colore brillante, di un giallo intenso. Gusto vivace ma delicato, di fiori bianchi e frutta matura con inconfondibile freschezza, giusta acidit\u00e0 e rotondit\u00e0 di sapore per la gioia del palato, anche per una semplice degustazione.  Va bevuto freddo a 8\u00b0 \u2013 10\u00b0 C.    Vitigni utilizzati: Tuch\u00ec , Trebbiano  Annata di vendemmia: 2017  Provenienti dai vigneti: Provenienti da vigneti solo di propriet\u00e0 di et\u00e0 tra 25 e 5 anni  Composizione del terreno:\u00a0Calcareo - Argilloso  Sistema di allevamento::\u00a0Guyot  Impianto:\u00a03500\/4500 vigne\/ha  Resa per ettaro::\u00a070 quintali massimo  Tipo di vinificazione:: in acciaio  Grado Alcolico: 13,5%  Malolattica: no  pH:\u00a03.74  Estratto secco:\u00a031.8 g\/l  Residuo zuccherino:\u00a02,6 g\/l  Solforosa Totale: 44mg\/l     - Contiene solfiti - Prodotto in Italia\" \/>\n<meta property=\"og:url\" content=\"https:\/\/www.cobue.it\/shop\/prodotto\/getulio-biancoigt-benaco-bresciano-2018-magnum\/\" \/>\n<meta property=\"og:site_name\" content=\"Shop Cobue\" \/>\n<meta property=\"article:publisher\" content=\"https:\/\/www.facebook.com\/cobue.it\/\" \/>\n<meta property=\"article:modified_time\" content=\"2026-02-20T11:31:46+00:00\" \/>\n<meta property=\"og:image\" content=\"https:\/\/www.cobue.it\/shop\/wp-content\/uploads\/2021\/11\/getulio-ok-1-scaled.jpg\" \/>\n\t<meta property=\"og:image:width\" content=\"758\" \/>\n\t<meta property=\"og:image:height\" content=\"2560\" \/>\n\t<meta property=\"og:image:type\" content=\"image\/jpeg\" \/>\n<meta name=\"twitter:card\" content=\"summary_large_image\" \/>\n<script type=\"application\/ld+json\" class=\"yoast-schema-graph\">{\"@context\":\"https:\/\/schema.org\",\"@graph\":[{\"@type\":\"WebPage\",\"@id\":\"https:\/\/www.cobue.it\/shop\/prodotto\/getulio-biancoigt-benaco-bresciano-2018-magnum\/\",\"url\":\"https:\/\/www.cobue.it\/shop\/prodotto\/getulio-biancoigt-benaco-bresciano-2018-magnum\/\",\"name\":\"Getulio Bianco IGT Benaco Bresciano Magnum - Shop Cobue\",\"isPartOf\":{\"@id\":\"https:\/\/www.cobue.it\/shop\/#website\"},\"datePublished\":\"2021-11-30T16:08:30+00:00\",\"dateModified\":\"2026-02-20T11:31:46+00:00\",\"breadcrumb\":{\"@id\":\"https:\/\/www.cobue.it\/shop\/prodotto\/getulio-biancoigt-benaco-bresciano-2018-magnum\/#breadcrumb\"},\"inLanguage\":\"it-IT\",\"potentialAction\":[{\"@type\":\"ReadAction\",\"target\":[\"https:\/\/www.cobue.it\/shop\/prodotto\/getulio-biancoigt-benaco-bresciano-2018-magnum\/\"]}]},{\"@type\":\"BreadcrumbList\",\"@id\":\"https:\/\/www.cobue.it\/shop\/prodotto\/getulio-biancoigt-benaco-bresciano-2018-magnum\/#breadcrumb\",\"itemListElement\":[{\"@type\":\"ListItem\",\"position\":1,\"name\":\"Home\",\"item\":\"https:\/\/www.cobue.it\/shop\/\"},{\"@type\":\"ListItem\",\"position\":2,\"name\":\"Shop\",\"item\":\"https:\/\/www.cobue.it\/shop\/negozio\/\"},{\"@type\":\"ListItem\",\"position\":3,\"name\":\"Getulio Bianco IGT Benaco Bresciano Magnum\"}]},{\"@type\":\"WebSite\",\"@id\":\"https:\/\/www.cobue.it\/shop\/#website\",\"url\":\"https:\/\/www.cobue.it\/shop\/\",\"name\":\"Shop Cobue\",\"description\":\"Shop Cobue\",\"publisher\":{\"@id\":\"https:\/\/www.cobue.it\/shop\/#organization\"},\"potentialAction\":[{\"@type\":\"SearchAction\",\"target\":{\"@type\":\"EntryPoint\",\"urlTemplate\":\"https:\/\/www.cobue.it\/shop\/?s={search_term_string}\"},\"query-input\":\"required name=search_term_string\"}],\"inLanguage\":\"it-IT\"},{\"@type\":\"Organization\",\"@id\":\"https:\/\/www.cobue.it\/shop\/#organization\",\"name\":\"Cobue\",\"url\":\"https:\/\/www.cobue.it\/shop\/\",\"logo\":{\"@type\":\"ImageObject\",\"inLanguage\":\"it-IT\",\"@id\":\"https:\/\/www.cobue.it\/shop\/#\/schema\/logo\/image\/\",\"url\":\"https:\/\/www.cobue.it\/shop\/wp-content\/uploads\/2021\/11\/Vini-Lago-di-Garda-Cobue-1.png\",\"contentUrl\":\"https:\/\/www.cobue.it\/shop\/wp-content\/uploads\/2021\/11\/Vini-Lago-di-Garda-Cobue-1.png\",\"width\":121,\"height\":176,\"caption\":\"Cobue\"},\"image\":{\"@id\":\"https:\/\/www.cobue.it\/shop\/#\/schema\/logo\/image\/\"},\"sameAs\":[\"https:\/\/www.facebook.com\/cobue.it\/\",\"https:\/\/www.instagram.com\/cobue_cantina_wineresort\/\"]}]}<\/script>\n<!-- \/ Yoast SEO plugin. -->","yoast_head_json":{"title":"Getulio Bianco IGT Benaco Bresciano  Magnum - Shop Cobue","robots":{"index":"index","follow":"follow","max-snippet":"max-snippet:-1","max-image-preview":"max-image-preview:large","max-video-preview":"max-video-preview:-1"},"canonical":"https:\/\/www.cobue.it\/shop\/prodotto\/getulio-biancoigt-benaco-bresciano-2018-magnum\/","og_locale":"it_IT","og_type":"article","og_title":"Getulio Bianco IGT Benaco Bresciano  Magnum - Shop Cobue","og_description":"Grande bianco, pieno ed elegante. Ottenuto da attenta ed accurata selezione, con basse rese, dei nostri migliori grappoli a bacca bianca che donano a questo vino armoniosa tipicit\u00e0 e pienezza di gusto.  Si abbina con qualsiasi piatto di pesce e con ogni tipologia di antipasto o primo piatto.  Splendido colore brillante, di un giallo intenso. Gusto vivace ma delicato, di fiori bianchi e frutta matura con inconfondibile freschezza, giusta acidit\u00e0 e rotondit\u00e0 di sapore per la gioia del palato, anche per una semplice degustazione.  Va bevuto freddo a 8\u00b0 \u2013 10\u00b0 C.    Vitigni utilizzati: Tuch\u00ec , Trebbiano  Annata di vendemmia: 2017  Provenienti dai vigneti: Provenienti da vigneti solo di propriet\u00e0 di et\u00e0 tra 25 e 5 anni  Composizione del terreno:\u00a0Calcareo - Argilloso  Sistema di allevamento::\u00a0Guyot  Impianto:\u00a03500\/4500 vigne\/ha  Resa per ettaro::\u00a070 quintali massimo  Tipo di vinificazione:: in acciaio  Grado Alcolico: 13,5%  Malolattica: no  pH:\u00a03.74  Estratto secco:\u00a031.8 g\/l  Residuo zuccherino:\u00a02,6 g\/l  Solforosa Totale: 44mg\/l     - Contiene solfiti - Prodotto in Italia","og_url":"https:\/\/www.cobue.it\/shop\/prodotto\/getulio-biancoigt-benaco-bresciano-2018-magnum\/","og_site_name":"Shop Cobue","article_publisher":"https:\/\/www.facebook.com\/cobue.it\/","article_modified_time":"2026-02-20T11:31:46+00:00","og_image":[{"width":758,"height":2560,"url":"https:\/\/www.cobue.it\/shop\/wp-content\/uploads\/2021\/11\/getulio-ok-1-scaled.jpg","type":"image\/jpeg"}],"twitter_card":"summary_large_image","schema":{"@context":"https:\/\/schema.org","@graph":[{"@type":"WebPage","@id":"https:\/\/www.cobue.it\/shop\/prodotto\/getulio-biancoigt-benaco-bresciano-2018-magnum\/","url":"https:\/\/www.cobue.it\/shop\/prodotto\/getulio-biancoigt-benaco-bresciano-2018-magnum\/","name":"Getulio Bianco IGT Benaco Bresciano Magnum - Shop Cobue","isPartOf":{"@id":"https:\/\/www.cobue.it\/shop\/#website"},"datePublished":"2021-11-30T16:08:30+00:00","dateModified":"2026-02-20T11:31:46+00:00","breadcrumb":{"@id":"https:\/\/www.cobue.it\/shop\/prodotto\/getulio-biancoigt-benaco-bresciano-2018-magnum\/#breadcrumb"},"inLanguage":"it-IT","potentialAction":[{"@type":"ReadAction","target":["https:\/\/www.cobue.it\/shop\/prodotto\/getulio-biancoigt-benaco-bresciano-2018-magnum\/"]}]},{"@type":"BreadcrumbList","@id":"https:\/\/www.cobue.it\/shop\/prodotto\/getulio-biancoigt-benaco-bresciano-2018-magnum\/#breadcrumb","itemListElement":[{"@type":"ListItem","position":1,"name":"Home","item":"https:\/\/www.cobue.it\/shop\/"},{"@type":"ListItem","position":2,"name":"Shop","item":"https:\/\/www.cobue.it\/shop\/negozio\/"},{"@type":"ListItem","position":3,"name":"Getulio Bianco IGT Benaco Bresciano Magnum"}]},{"@type":"WebSite","@id":"https:\/\/www.cobue.it\/shop\/#website","url":"https:\/\/www.cobue.it\/shop\/","name":"Shop Cobue","description":"Shop Cobue","publisher":{"@id":"https:\/\/www.cobue.it\/shop\/#organization"},"potentialAction":[{"@type":"SearchAction","target":{"@type":"EntryPoint","urlTemplate":"https:\/\/www.cobue.it\/shop\/?s={search_term_string}"},"query-input":"required name=search_term_string"}],"inLanguage":"it-IT"},{"@type":"Organization","@id":"https:\/\/www.cobue.it\/shop\/#organization","name":"Cobue","url":"https:\/\/www.cobue.it\/shop\/","logo":{"@type":"ImageObject","inLanguage":"it-IT","@id":"https:\/\/www.cobue.it\/shop\/#\/schema\/logo\/image\/","url":"https:\/\/www.cobue.it\/shop\/wp-content\/uploads\/2021\/11\/Vini-Lago-di-Garda-Cobue-1.png","contentUrl":"https:\/\/www.cobue.it\/shop\/wp-content\/uploads\/2021\/11\/Vini-Lago-di-Garda-Cobue-1.png","width":121,"height":176,"caption":"Cobue"},"image":{"@id":"https:\/\/www.cobue.it\/shop\/#\/schema\/logo\/image\/"},"sameAs":["https:\/\/www.facebook.com\/cobue.it\/","https:\/\/www.instagram.com\/cobue_cantina_wineresort\/"]}]}},"_links":{"self":[{"href":"https:\/\/www.cobue.it\/shop\/wp-json\/wp\/v2\/product\/4117"}],"collection":[{"href":"https:\/\/www.cobue.it\/shop\/wp-json\/wp\/v2\/product"}],"about":[{"href":"https:\/\/www.cobue.it\/shop\/wp-json\/wp\/v2\/types\/product"}],"wp:featuredmedia":[{"embeddable":true,"href":"https:\/\/www.cobue.it\/shop\/wp-json\/wp\/v2\/media\/4356"}],"wp:attachment":[{"href":"https:\/\/www.cobue.it\/shop\/wp-json\/wp\/v2\/media?parent=4117"}],"wp:term":[{"taxonomy":"product_cat","embeddable":true,"href":"https:\/\/www.cobue.it\/shop\/wp-json\/wp\/v2\/product_cat?post=4117"},{"taxonomy":"product_tag","embeddable":true,"href":"https:\/\/www.cobue.it\/shop\/wp-json\/wp\/v2\/product_tag?post=4117"}],"curies":[{"name":"wp","href":"https:\/\/api.w.org\/{rel}","templated":true}]}}